{"id":2051,"date":"2021-05-09T10:09:32","date_gmt":"2021-05-09T10:09:32","guid":{"rendered":"http:\/\/kukla-teatr.uz\/?page_id=2051"},"modified":"2026-03-10T05:37:57","modified_gmt":"2026-03-10T05:37:57","slug":"%d0%ba%d0%b0%d1%80%d0%b0%d0%ba%d0%b0%d0%bb%d0%bf%d0%b0%d0%ba%d1%88%d0%b0-9-%d0%bc%d0%b0%d0%b9-%d0%b5%d1%81%d0%bb%d0%b5%d1%9e-%d2%b3%d3%99%d0%bc-%d2%9b%d3%99%d0%b4%d0%b8%d1%80%d0%bb%d0%b5%d1%9e","status":"publish","type":"page","link":"https:\/\/kukla-teatr.uz\/qq\/%d0%ba%d0%b0%d1%80%d0%b0%d0%ba%d0%b0%d0%bb%d0%bf%d0%b0%d0%ba%d1%88%d0%b0-9-%d0%bc%d0%b0%d0%b9-%d0%b5%d1%81%d0%bb%d0%b5%d1%9e-%d2%b3%d3%99%d0%bc-%d2%9b%d3%99%d0%b4%d0%b8%d1%80%d0%bb%d0%b5%d1%9e","title":{"rendered":"TEATR J\u00c1M\u00c1\u00c1TI"},"content":{"rendered":"<p>#\u04e8\u0442\u043a\u0435\u043d\u043b\u0435\u0440 \u0440\u0443\u0443\u0445\u044b \u044f\u0434 \u0435\u0442\u0438\u043b\u0434\u0438.<\/p>\n<p>9-\u043c\u0430\u0439 \u2014 \u00ab\u0415\u0441\u043b\u0435\u0443 \u04b3\u04d9\u043c \u049b\u04d9\u0434\u0438\u0440\u043b\u0435\u045e\u00bb \u043a\u04af\u043d\u0438 \u04b3\u04d9\u043c \u0416\u0435\u04a3\u0438\u0441\u0442\u0438\u04a3 79 \u0436\u044b\u043b\u043b\u044b\u0493\u044b \u043c\u04af\u043d\u04d9\u0441\u0438\u0431\u0435\u0442\u0438 \u043c\u0435\u043d\u0435\u043d \u043f\u0430\u0439\u0442\u0430\u0445\u0442\u044b\u043c\u044b\u0437\u0434\u0430\u0433\u044b \u00ab\u04b2\u04d9\u0441\u0438\u0440\u0435\u0442\u043b\u0438 \u0430\u043d\u0430\u00bb \u0435\u0441\u0442\u0435\u043b\u0438\u0433\u0438\u043d\u0435 \u0442\u0435\u0430\u0442\u0440 \u0434\u04e9\u0440\u0435\u0442\u0438\u045e\u0448\u0438 \u0442\u043e\u043f\u0430\u0440\u044b \u0443\u0440\u044b\u0441 \u045e\u0430\u049b\u0442\u044b\u043d\u0434\u0430 \u049b\u0443\u0440\u0431\u0430\u043d \u0431\u043e\u043b\u0493\u0430\u043d \u0436\u0435\u0440\u043b\u0435\u0441\u043b\u0435\u0440\u0438\u043c\u0438\u0437\u0434\u0438 \u0435\u0441\u043b\u0435\u043f \u043e\u043b\u0430\u0440\u0434\u044b\u04a3 \u04b3\u04af\u0440\u043c\u0435\u0442\u0438\u043d\u0435 \u0433\u04af\u043b\u0448\u0435\u04a3\u0431\u0435\u0440\u043b\u0435\u0440 \u049b\u043e\u0439\u0434\u044b.<br \/>\n<img decoding=\"async\" loading=\"lazy\" class=\"alignnone size-medium wp-image-4529\" src=\"http:\/\/kukla-teatr.uz\/wp-content\/uploads\/2024\/10\/photo_2024-10-18_09-18-16-300x225.jpg\" alt=\"\" width=\"300\" height=\"225\" srcset=\"https:\/\/kukla-teatr.uz\/wp-content\/uploads\/2024\/10\/photo_2024-10-18_09-18-16-300x225.jpg 300w, https:\/\/kukla-teatr.uz\/wp-content\/uploads\/2024\/10\/photo_2024-10-18_09-18-16-1024x768.jpg 1024w, https:\/\/kukla-teatr.uz\/wp-content\/uploads\/2024\/10\/photo_2024-10-18_09-18-16-768x576.jpg 768w, https:\/\/kukla-teatr.uz\/wp-content\/uploads\/2024\/10\/photo_2024-10-18_09-18-16-660x495.jpg 660w, https:\/\/kukla-teatr.uz\/wp-content\/uploads\/2024\/10\/photo_2024-10-18_09-18-16.jpg 1280w\" sizes=\"(max-width: 300px) 100vw, 300px\" \/> <img decoding=\"async\" loading=\"lazy\" class=\"alignnone size-medium wp-image-4530\" src=\"http:\/\/kukla-teatr.uz\/wp-content\/uploads\/2024\/10\/photo_2024-10-18_09-18-20-300x225.jpg\" alt=\"\" width=\"300\" height=\"225\" srcset=\"https:\/\/kukla-teatr.uz\/wp-content\/uploads\/2024\/10\/photo_2024-10-18_09-18-20-300x225.jpg 300w, https:\/\/kukla-teatr.uz\/wp-content\/uploads\/2024\/10\/photo_2024-10-18_09-18-20-1024x768.jpg 1024w, https:\/\/kukla-teatr.uz\/wp-content\/uploads\/2024\/10\/photo_2024-10-18_09-18-20-768x576.jpg 768w, https:\/\/kukla-teatr.uz\/wp-content\/uploads\/2024\/10\/photo_2024-10-18_09-18-20-660x495.jpg 660w, https:\/\/kukla-teatr.uz\/wp-content\/uploads\/2024\/10\/photo_2024-10-18_09-18-20.jpg 1280w\" sizes=\"(max-width: 300px) 100vw, 300px\" \/> <img decoding=\"async\" loading=\"lazy\" class=\"alignnone size-medium wp-image-4531\" src=\"http:\/\/kukla-teatr.uz\/wp-content\/uploads\/2024\/10\/photo_2024-10-18_09-18-23-300x225.jpg\" alt=\"\" width=\"300\" height=\"225\" srcset=\"https:\/\/kukla-teatr.uz\/wp-content\/uploads\/2024\/10\/photo_2024-10-18_09-18-23-300x225.jpg 300w, https:\/\/kukla-teatr.uz\/wp-content\/uploads\/2024\/10\/photo_2024-10-18_09-18-23-1024x768.jpg 1024w, https:\/\/kukla-teatr.uz\/wp-content\/uploads\/2024\/10\/photo_2024-10-18_09-18-23-768x576.jpg 768w, https:\/\/kukla-teatr.uz\/wp-content\/uploads\/2024\/10\/photo_2024-10-18_09-18-23-660x495.jpg 660w, https:\/\/kukla-teatr.uz\/wp-content\/uploads\/2024\/10\/photo_2024-10-18_09-18-23.jpg 1280w\" sizes=\"(max-width: 300px) 100vw, 300px\" \/><\/p>","protected":false},"excerpt":{"rendered":"<p>#\u04e8\u0442\u043a\u0435\u043d\u043b\u0435\u0440 \u0440\u0443\u0443\u0445\u044b \u044f\u0434 \u0435\u0442\u0438\u043b\u0434\u0438. 9-\u043c\u0430\u0439 \u2014 \u00ab\u0415\u0441\u043b\u0435\u0443 \u04b3\u04d9\u043c \u049b\u04d9\u0434\u0438\u0440\u043b\u0435\u045e\u00bb \u043a\u04af\u043d\u0438 \u04b3\u04d9\u043c \u0416\u0435\u04a3\u0438\u0441\u0442\u0438\u04a3 79 \u0436\u044b\u043b\u043b\u044b\u0493\u044b \u043c\u04af\u043d\u04d9\u0441\u0438\u0431\u0435\u0442\u0438 \u043c\u0435\u043d\u0435\u043d \u043f\u0430\u0439\u0442\u0430\u0445\u0442\u044b\u043c\u044b\u0437\u0434\u0430\u0433\u044b \u00ab\u04b2\u04d9\u0441\u0438\u0440\u0435\u0442\u043b\u0438 \u0430\u043d\u0430\u00bb \u0435\u0441\u0442\u0435\u043b\u0438\u0433\u0438\u043d\u0435 \u0442\u0435\u0430\u0442\u0440 \u0434\u04e9\u0440\u0435\u0442\u0438\u045e\u0448\u0438 \u0442\u043e\u043f\u0430\u0440\u044b \u0443\u0440\u044b\u0441 \u045e\u0430\u049b\u0442\u044b\u043d\u0434\u0430 \u049b\u0443\u0440\u0431\u0430\u043d \u0431\u043e\u043b\u0493\u0430\u043d \u0436\u0435\u0440\u043b\u0435\u0441\u043b\u0435\u0440\u0438\u043c\u0438\u0437\u0434\u0438 \u0435\u0441\u043b\u0435\u043f \u043e\u043b\u0430\u0440\u0434\u044b\u04a3 \u04b3\u04af\u0440\u043c\u0435\u0442\u0438\u043d\u0435 \u0433\u04af\u043b\u0448\u0435\u04a3\u0431\u0435\u0440\u043b\u0435\u0440 \u049b\u043e\u0439\u0434\u044b.<\/p>\n","protected":false},"author":1,"featured_media":0,"parent":0,"menu_order":0,"comment_status":"closed","ping_status":"closed","template":"","meta":{"footnotes":""},"_links":{"self":[{"href":"https:\/\/kukla-teatr.uz\/qq\/wp-json\/wp\/v2\/pages\/2051"}],"collection":[{"href":"https:\/\/kukla-teatr.uz\/qq\/wp-json\/wp\/v2\/pages"}],"about":[{"href":"https:\/\/kukla-teatr.uz\/qq\/wp-json\/wp\/v2\/types\/page"}],"author":[{"embeddable":true,"href":"https:\/\/kukla-teatr.uz\/qq\/wp-json\/wp\/v2\/users\/1"}],"replies":[{"embeddable":true,"href":"https:\/\/kukla-teatr.uz\/qq\/wp-json\/wp\/v2\/comments?post=2051"}],"version-history":[{"count":4,"href":"https:\/\/kukla-teatr.uz\/qq\/wp-json\/wp\/v2\/pages\/2051\/revisions"}],"predecessor-version":[{"id":5844,"href":"https:\/\/kukla-teatr.uz\/qq\/wp-json\/wp\/v2\/pages\/2051\/revisions\/5844"}],"wp:attachment":[{"href":"https:\/\/kukla-teatr.uz\/qq\/wp-json\/wp\/v2\/media?parent=2051"}],"curies":[{"name":"wp","href":"https:\/\/api.w.org\/{rel}","templated":true}]}}